{"id":28330,"date":"2024-12-05T21:39:23","date_gmt":"2024-12-05T21:39:23","guid":{"rendered":"https:\/\/jackvaper.cl\/distribuidor\/?post_type=product&#038;p=28330"},"modified":"2024-12-05T21:39:23","modified_gmt":"2024-12-05T21:39:23","slug":"smoothie-caramel-frappe","status":"publish","type":"product","link":"https:\/\/jackvaper.cl\/distribuidor\/product\/smoothie-caramel-frappe\/","title":{"rendered":"Smoothie Caramel Frapp\u00e9"},"content":{"rendered":"<p>Prep\u00e1rate para disfrutar del el smoothie de caramelo m\u00e1s delicioso que podr\u00e1s vapear en tu vida! \u00a0Notas a caramelo derretido, m\u00e1s el sabor nost\u00e1lgico de un toffe, se fusionan a la perfecci\u00f3n con nuestra adictiva crema gourmet by El lechero.<\/p>\n","protected":false},"excerpt":{"rendered":"<p>Prep\u00e1rate para disfrutar del el smoothie de caramelo m\u00e1s delicioso que podr\u00e1s vapear en tu vida! \u00a0Notas a caramelo derretido,<\/p>\n","protected":false},"featured_media":28337,"template":"","meta":[],"product_cat":[78],"product_tag":[],"class_list":{"0":"post-28330","1":"product","2":"type-product","3":"status-publish","4":"has-post-thumbnail","6":"product_cat-postre","8":"first","9":"instock","10":"taxable","11":"shipping-taxable","12":"purchasable","13":"product-type-variable"},"_links":{"self":[{"href":"https:\/\/jackvaper.cl\/distribuidor\/wp-json\/wp\/v2\/product\/28330","targetHints":{"allow":["GET"]}}],"collection":[{"href":"https:\/\/jackvaper.cl\/distribuidor\/wp-json\/wp\/v2\/product"}],"about":[{"href":"https:\/\/jackvaper.cl\/distribuidor\/wp-json\/wp\/v2\/types\/product"}],"version-history":[{"count":1,"href":"https:\/\/jackvaper.cl\/distribuidor\/wp-json\/wp\/v2\/product\/28330\/revisions"}],"predecessor-version":[{"id":28338,"href":"https:\/\/jackvaper.cl\/distribuidor\/wp-json\/wp\/v2\/product\/28330\/revisions\/28338"}],"wp:featuredmedia":[{"embeddable":true,"href":"https:\/\/jackvaper.cl\/distribuidor\/wp-json\/wp\/v2\/media\/28337"}],"wp:attachment":[{"href":"https:\/\/jackvaper.cl\/distribuidor\/wp-json\/wp\/v2\/media?parent=28330"}],"wp:term":[{"taxonomy":"product_cat","embeddable":true,"href":"https:\/\/jackvaper.cl\/distribuidor\/wp-json\/wp\/v2\/product_cat?post=28330"},{"taxonomy":"product_tag","embeddable":true,"href":"https:\/\/jackvaper.cl\/distribuidor\/wp-json\/wp\/v2\/product_tag?post=28330"}],"curies":[{"name":"wp","href":"https:\/\/api.w.org\/{rel}","templated":true}]}}