{"id":28365,"date":"2024-12-05T22:10:21","date_gmt":"2024-12-05T22:10:21","guid":{"rendered":"https:\/\/jackvaper.cl\/distribuidor\/?post_type=product&#038;p=28365"},"modified":"2024-12-05T22:10:21","modified_gmt":"2024-12-05T22:10:21","slug":"infusion-premium-tea","status":"publish","type":"product","link":"https:\/\/jackvaper.cl\/distribuidor\/product\/infusion-premium-tea\/","title":{"rendered":"Infusi\u00f3n Premium Tea"},"content":{"rendered":"<p>Premium Tea se trata no solo de un t\u00e9 simple, quer\u00edamos ir m\u00e1s all\u00e1 para lograr y demostrar que si podemos vapear t\u00e9 con la misma sensaci\u00f3n que tenemos al tomar una taza tradicional.<\/p>\n","protected":false},"excerpt":{"rendered":"<p>Premium Tea se trata no solo de un t\u00e9 simple, quer\u00edamos ir m\u00e1s all\u00e1 para lograr y demostrar que si<\/p>\n","protected":false},"featured_media":28372,"template":"","meta":[],"product_cat":[79],"product_tag":[],"class_list":{"0":"post-28365","1":"product","2":"type-product","3":"status-publish","4":"has-post-thumbnail","6":"product_cat-frutal","8":"first","9":"instock","10":"taxable","11":"shipping-taxable","12":"purchasable","13":"product-type-variable"},"_links":{"self":[{"href":"https:\/\/jackvaper.cl\/distribuidor\/wp-json\/wp\/v2\/product\/28365","targetHints":{"allow":["GET"]}}],"collection":[{"href":"https:\/\/jackvaper.cl\/distribuidor\/wp-json\/wp\/v2\/product"}],"about":[{"href":"https:\/\/jackvaper.cl\/distribuidor\/wp-json\/wp\/v2\/types\/product"}],"version-history":[{"count":1,"href":"https:\/\/jackvaper.cl\/distribuidor\/wp-json\/wp\/v2\/product\/28365\/revisions"}],"predecessor-version":[{"id":28373,"href":"https:\/\/jackvaper.cl\/distribuidor\/wp-json\/wp\/v2\/product\/28365\/revisions\/28373"}],"wp:featuredmedia":[{"embeddable":true,"href":"https:\/\/jackvaper.cl\/distribuidor\/wp-json\/wp\/v2\/media\/28372"}],"wp:attachment":[{"href":"https:\/\/jackvaper.cl\/distribuidor\/wp-json\/wp\/v2\/media?parent=28365"}],"wp:term":[{"taxonomy":"product_cat","embeddable":true,"href":"https:\/\/jackvaper.cl\/distribuidor\/wp-json\/wp\/v2\/product_cat?post=28365"},{"taxonomy":"product_tag","embeddable":true,"href":"https:\/\/jackvaper.cl\/distribuidor\/wp-json\/wp\/v2\/product_tag?post=28365"}],"curies":[{"name":"wp","href":"https:\/\/api.w.org\/{rel}","templated":true}]}}