{"id":28374,"date":"2024-12-05T22:13:34","date_gmt":"2024-12-05T22:13:34","guid":{"rendered":"https:\/\/jackvaper.cl\/distribuidor\/?post_type=product&#038;p=28374"},"modified":"2024-12-05T22:13:34","modified_gmt":"2024-12-05T22:13:34","slug":"cowboy-original-american-tobacco","status":"publish","type":"product","link":"https:\/\/jackvaper.cl\/distribuidor\/product\/cowboy-original-american-tobacco\/","title":{"rendered":"Cowboy Original American Tobacco"},"content":{"rendered":"<p>Nuestra m\u00e1s reciente receta tabaquil mejorada, ideal para todos los amantes del sabor aut\u00e9ntico a tabaco Americano Virginia. Elaborada con una compleja infusi\u00f3n de tabacos secos negros, rubios y una agradable nota de Crema de man\u00ed tostado. El resultado de todo esto es una calada de gran sabor\u00a0 tabaquil con una muy buena producci\u00f3n de vapor.<\/p>\n","protected":false},"excerpt":{"rendered":"<p>Nuestra m\u00e1s reciente receta tabaquil mejorada, ideal para todos los amantes del sabor aut\u00e9ntico a tabaco Americano Virginia. Elaborada con<\/p>\n","protected":false},"featured_media":28381,"template":"","meta":[],"product_cat":[77],"product_tag":[],"class_list":{"0":"post-28374","1":"product","2":"type-product","3":"status-publish","4":"has-post-thumbnail","6":"product_cat-tabaco","8":"first","9":"instock","10":"taxable","11":"shipping-taxable","12":"purchasable","13":"product-type-variable"},"_links":{"self":[{"href":"https:\/\/jackvaper.cl\/distribuidor\/wp-json\/wp\/v2\/product\/28374","targetHints":{"allow":["GET"]}}],"collection":[{"href":"https:\/\/jackvaper.cl\/distribuidor\/wp-json\/wp\/v2\/product"}],"about":[{"href":"https:\/\/jackvaper.cl\/distribuidor\/wp-json\/wp\/v2\/types\/product"}],"version-history":[{"count":1,"href":"https:\/\/jackvaper.cl\/distribuidor\/wp-json\/wp\/v2\/product\/28374\/revisions"}],"predecessor-version":[{"id":28382,"href":"https:\/\/jackvaper.cl\/distribuidor\/wp-json\/wp\/v2\/product\/28374\/revisions\/28382"}],"wp:featuredmedia":[{"embeddable":true,"href":"https:\/\/jackvaper.cl\/distribuidor\/wp-json\/wp\/v2\/media\/28381"}],"wp:attachment":[{"href":"https:\/\/jackvaper.cl\/distribuidor\/wp-json\/wp\/v2\/media?parent=28374"}],"wp:term":[{"taxonomy":"product_cat","embeddable":true,"href":"https:\/\/jackvaper.cl\/distribuidor\/wp-json\/wp\/v2\/product_cat?post=28374"},{"taxonomy":"product_tag","embeddable":true,"href":"https:\/\/jackvaper.cl\/distribuidor\/wp-json\/wp\/v2\/product_tag?post=28374"}],"curies":[{"name":"wp","href":"https:\/\/api.w.org\/{rel}","templated":true}]}}