{"id":28401,"date":"2024-12-06T14:23:02","date_gmt":"2024-12-06T14:23:02","guid":{"rendered":"https:\/\/jackvaper.cl\/distribuidor\/?post_type=product&#038;p=28401"},"modified":"2024-12-06T14:23:02","modified_gmt":"2024-12-06T14:23:02","slug":"heisenberg","status":"publish","type":"product","link":"https:\/\/jackvaper.cl\/distribuidor\/product\/heisenberg\/","title":{"rendered":"Heisenberg"},"content":{"rendered":"<p>Heisenberg mezcla una combinaci\u00f3n impresionante de frutos silvestres, macerados en un exquisito alm\u00edbar y una suave crema de lim\u00f3n con final refrescante.<br \/>\nPrueba nuestra receta del famoso heisenberg pero al estilo jackvaper!<\/p>\n","protected":false},"excerpt":{"rendered":"<p>Heisenberg mezcla una combinaci\u00f3n impresionante de frutos silvestres, macerados en un exquisito alm\u00edbar y una suave crema de lim\u00f3n con<\/p>\n","protected":false},"featured_media":28408,"template":"","meta":[],"product_cat":[79],"product_tag":[],"class_list":{"0":"post-28401","1":"product","2":"type-product","3":"status-publish","4":"has-post-thumbnail","6":"product_cat-frutal","8":"first","9":"instock","10":"taxable","11":"shipping-taxable","12":"purchasable","13":"product-type-variable"},"_links":{"self":[{"href":"https:\/\/jackvaper.cl\/distribuidor\/wp-json\/wp\/v2\/product\/28401","targetHints":{"allow":["GET"]}}],"collection":[{"href":"https:\/\/jackvaper.cl\/distribuidor\/wp-json\/wp\/v2\/product"}],"about":[{"href":"https:\/\/jackvaper.cl\/distribuidor\/wp-json\/wp\/v2\/types\/product"}],"version-history":[{"count":1,"href":"https:\/\/jackvaper.cl\/distribuidor\/wp-json\/wp\/v2\/product\/28401\/revisions"}],"predecessor-version":[{"id":28409,"href":"https:\/\/jackvaper.cl\/distribuidor\/wp-json\/wp\/v2\/product\/28401\/revisions\/28409"}],"wp:featuredmedia":[{"embeddable":true,"href":"https:\/\/jackvaper.cl\/distribuidor\/wp-json\/wp\/v2\/media\/28408"}],"wp:attachment":[{"href":"https:\/\/jackvaper.cl\/distribuidor\/wp-json\/wp\/v2\/media?parent=28401"}],"wp:term":[{"taxonomy":"product_cat","embeddable":true,"href":"https:\/\/jackvaper.cl\/distribuidor\/wp-json\/wp\/v2\/product_cat?post=28401"},{"taxonomy":"product_tag","embeddable":true,"href":"https:\/\/jackvaper.cl\/distribuidor\/wp-json\/wp\/v2\/product_tag?post=28401"}],"curies":[{"name":"wp","href":"https:\/\/api.w.org\/{rel}","templated":true}]}}