{"id":28419,"date":"2024-12-06T14:33:34","date_gmt":"2024-12-06T14:33:34","guid":{"rendered":"https:\/\/jackvaper.cl\/distribuidor\/?post_type=product&#038;p=28419"},"modified":"2024-12-06T14:33:34","modified_gmt":"2024-12-06T14:33:34","slug":"yeti-frostman","status":"publish","type":"product","link":"https:\/\/jackvaper.cl\/distribuidor\/product\/yeti-frostman\/","title":{"rendered":"Yeti Frostman"},"content":{"rendered":"<p>Una explosi\u00f3n de frescura y sabor en cada vapeo. Nuestro e-liquid cautiva tus sentidos con una combinaci\u00f3n \u00fanica de menta helada y toques frutales, creando una experiencia refrescante y revitalizante.<\/p>\n","protected":false},"excerpt":{"rendered":"<p>Una explosi\u00f3n de frescura y sabor en cada vapeo. Nuestro e-liquid cautiva tus sentidos con una combinaci\u00f3n \u00fanica de menta<\/p>\n","protected":false},"featured_media":28426,"template":"","meta":[],"product_cat":[79],"product_tag":[],"class_list":{"0":"post-28419","1":"product","2":"type-product","3":"status-publish","4":"has-post-thumbnail","6":"product_cat-frutal","8":"first","9":"instock","10":"taxable","11":"shipping-taxable","12":"purchasable","13":"product-type-variable"},"_links":{"self":[{"href":"https:\/\/jackvaper.cl\/distribuidor\/wp-json\/wp\/v2\/product\/28419","targetHints":{"allow":["GET"]}}],"collection":[{"href":"https:\/\/jackvaper.cl\/distribuidor\/wp-json\/wp\/v2\/product"}],"about":[{"href":"https:\/\/jackvaper.cl\/distribuidor\/wp-json\/wp\/v2\/types\/product"}],"version-history":[{"count":1,"href":"https:\/\/jackvaper.cl\/distribuidor\/wp-json\/wp\/v2\/product\/28419\/revisions"}],"predecessor-version":[{"id":28427,"href":"https:\/\/jackvaper.cl\/distribuidor\/wp-json\/wp\/v2\/product\/28419\/revisions\/28427"}],"wp:featuredmedia":[{"embeddable":true,"href":"https:\/\/jackvaper.cl\/distribuidor\/wp-json\/wp\/v2\/media\/28426"}],"wp:attachment":[{"href":"https:\/\/jackvaper.cl\/distribuidor\/wp-json\/wp\/v2\/media?parent=28419"}],"wp:term":[{"taxonomy":"product_cat","embeddable":true,"href":"https:\/\/jackvaper.cl\/distribuidor\/wp-json\/wp\/v2\/product_cat?post=28419"},{"taxonomy":"product_tag","embeddable":true,"href":"https:\/\/jackvaper.cl\/distribuidor\/wp-json\/wp\/v2\/product_tag?post=28419"}],"curies":[{"name":"wp","href":"https:\/\/api.w.org\/{rel}","templated":true}]}}