{"id":28464,"date":"2024-12-06T14:51:42","date_gmt":"2024-12-06T14:51:42","guid":{"rendered":"https:\/\/jackvaper.cl\/distribuidor\/?post_type=product&#038;p=28464"},"modified":"2024-12-06T14:51:52","modified_gmt":"2024-12-06T14:51:52","slug":"joker-tabaco-y-menta","status":"publish","type":"product","link":"https:\/\/jackvaper.cl\/distribuidor\/product\/joker-tabaco-y-menta\/","title":{"rendered":"Joker tabaco y menta"},"content":{"rendered":"<p>Disfruta de la magistral combinaci\u00f3n del tabaco\u00a0 mediterr\u00e1neo arom\u00e1ticos ceniza terroso, la noble hoja de tabaco brit\u00e1nico y la fascinante infusi\u00f3n de menta con chocolate Belga y mermelada de manzana verde.<\/p>\n","protected":false},"excerpt":{"rendered":"<p>Disfruta de la magistral combinaci\u00f3n del tabaco\u00a0 mediterr\u00e1neo arom\u00e1ticos ceniza terroso, la noble hoja de tabaco brit\u00e1nico y la fascinante<\/p>\n","protected":false},"featured_media":28471,"template":"","meta":[],"product_cat":[77],"product_tag":[],"class_list":{"0":"post-28464","1":"product","2":"type-product","3":"status-publish","4":"has-post-thumbnail","6":"product_cat-tabaco","8":"first","9":"instock","10":"taxable","11":"shipping-taxable","12":"purchasable","13":"product-type-variable"},"_links":{"self":[{"href":"https:\/\/jackvaper.cl\/distribuidor\/wp-json\/wp\/v2\/product\/28464","targetHints":{"allow":["GET"]}}],"collection":[{"href":"https:\/\/jackvaper.cl\/distribuidor\/wp-json\/wp\/v2\/product"}],"about":[{"href":"https:\/\/jackvaper.cl\/distribuidor\/wp-json\/wp\/v2\/types\/product"}],"version-history":[{"count":1,"href":"https:\/\/jackvaper.cl\/distribuidor\/wp-json\/wp\/v2\/product\/28464\/revisions"}],"predecessor-version":[{"id":28472,"href":"https:\/\/jackvaper.cl\/distribuidor\/wp-json\/wp\/v2\/product\/28464\/revisions\/28472"}],"wp:featuredmedia":[{"embeddable":true,"href":"https:\/\/jackvaper.cl\/distribuidor\/wp-json\/wp\/v2\/media\/28471"}],"wp:attachment":[{"href":"https:\/\/jackvaper.cl\/distribuidor\/wp-json\/wp\/v2\/media?parent=28464"}],"wp:term":[{"taxonomy":"product_cat","embeddable":true,"href":"https:\/\/jackvaper.cl\/distribuidor\/wp-json\/wp\/v2\/product_cat?post=28464"},{"taxonomy":"product_tag","embeddable":true,"href":"https:\/\/jackvaper.cl\/distribuidor\/wp-json\/wp\/v2\/product_tag?post=28464"}],"curies":[{"name":"wp","href":"https:\/\/api.w.org\/{rel}","templated":true}]}}