{"id":28473,"date":"2024-12-06T14:55:50","date_gmt":"2024-12-06T14:55:50","guid":{"rendered":"https:\/\/jackvaper.cl\/distribuidor\/?post_type=product&#038;p=28473"},"modified":"2024-12-06T14:55:50","modified_gmt":"2024-12-06T14:55:50","slug":"kawaii-smoothie","status":"publish","type":"product","link":"https:\/\/jackvaper.cl\/distribuidor\/product\/kawaii-smoothie\/","title":{"rendered":"Kawaii Smoothie"},"content":{"rendered":"<div class=\"woocommerce-product-details__short-description\">\n<p>Disfruta de una deliciosa golosina frutal y muy refrescante!<\/p>\n<p>sabores intensos y mucho, pero mucho vapor!!! gracias a su alta formulaci\u00f3n en glicerina de un 80%.<\/p>\n<p>Con Kawaii Smoothie disfrutar\u00e1s de un batido de frutos rojos maduros, notas de Candy: sand\u00eda y fresas. Todos esto con un final de calada muy refrescante, que dejar\u00e1 una sensaci\u00f3n incre\u00edble en tu paladar.<\/p>\n<\/div>\n<div class=\"wcst_on_product wcst_sales_snippet wcst_sales_snippet_key_66142_12070\" data-trigger-id=\"12070\">patricio, andrea y 3 clientes m\u00e1s\u00a0compr\u00f3 este producto recientemente.<\/div>\n","protected":false},"excerpt":{"rendered":"<p>Disfruta de una deliciosa golosina frutal y muy refrescante! sabores intensos y mucho, pero mucho vapor!!! gracias a su alta<\/p>\n","protected":false},"featured_media":28480,"template":"","meta":[],"product_cat":[79],"product_tag":[],"class_list":{"0":"post-28473","1":"product","2":"type-product","3":"status-publish","4":"has-post-thumbnail","6":"product_cat-frutal","8":"first","9":"instock","10":"taxable","11":"shipping-taxable","12":"purchasable","13":"product-type-variable"},"_links":{"self":[{"href":"https:\/\/jackvaper.cl\/distribuidor\/wp-json\/wp\/v2\/product\/28473","targetHints":{"allow":["GET"]}}],"collection":[{"href":"https:\/\/jackvaper.cl\/distribuidor\/wp-json\/wp\/v2\/product"}],"about":[{"href":"https:\/\/jackvaper.cl\/distribuidor\/wp-json\/wp\/v2\/types\/product"}],"version-history":[{"count":1,"href":"https:\/\/jackvaper.cl\/distribuidor\/wp-json\/wp\/v2\/product\/28473\/revisions"}],"predecessor-version":[{"id":28481,"href":"https:\/\/jackvaper.cl\/distribuidor\/wp-json\/wp\/v2\/product\/28473\/revisions\/28481"}],"wp:featuredmedia":[{"embeddable":true,"href":"https:\/\/jackvaper.cl\/distribuidor\/wp-json\/wp\/v2\/media\/28480"}],"wp:attachment":[{"href":"https:\/\/jackvaper.cl\/distribuidor\/wp-json\/wp\/v2\/media?parent=28473"}],"wp:term":[{"taxonomy":"product_cat","embeddable":true,"href":"https:\/\/jackvaper.cl\/distribuidor\/wp-json\/wp\/v2\/product_cat?post=28473"},{"taxonomy":"product_tag","embeddable":true,"href":"https:\/\/jackvaper.cl\/distribuidor\/wp-json\/wp\/v2\/product_tag?post=28473"}],"curies":[{"name":"wp","href":"https:\/\/api.w.org\/{rel}","templated":true}]}}