{"id":28494,"date":"2024-12-06T15:01:23","date_gmt":"2024-12-06T15:01:23","guid":{"rendered":"https:\/\/jackvaper.cl\/distribuidor\/?post_type=product&#038;p=28494"},"modified":"2024-12-06T15:01:23","modified_gmt":"2024-12-06T15:01:23","slug":"kawaii-pineapple","status":"publish","type":"product","link":"https:\/\/jackvaper.cl\/distribuidor\/product\/kawaii-pineapple\/","title":{"rendered":"Kawaii Pineapple"},"content":{"rendered":"<p><strong>Disfruta de una deliciosa golosina frutal y muy refrescante!\u00a0<\/strong><\/p>\n<p>sabores intensos y mucho, pero mucho vapor!!! gracias a su alta formulaci\u00f3n en glicerina de un 80%.<\/p>\n<p>Con Kawaii Pineapple disfrutar\u00e1s de un batido Pi\u00f1a, adem\u00e1s notas de Candy: sand\u00eda y fresas. Todos esto con un final de calada muy refrescante, que dejar\u00e1 una sensaci\u00f3n incre\u00edble en tu paladar.<\/p>\n<p>Si deseas un e-liquid de esos que te hacen suspirar por su gran sabor\u2026 Pues bueno! ya no debes buscar m\u00e1s!<\/p>\n","protected":false},"excerpt":{"rendered":"<p>Disfruta de una deliciosa golosina frutal y muy refrescante!\u00a0 sabores intensos y mucho, pero mucho vapor!!! gracias a su alta<\/p>\n","protected":false},"featured_media":28501,"template":"","meta":[],"product_cat":[79],"product_tag":[],"class_list":{"0":"post-28494","1":"product","2":"type-product","3":"status-publish","4":"has-post-thumbnail","6":"product_cat-frutal","8":"first","9":"instock","10":"taxable","11":"shipping-taxable","12":"purchasable","13":"product-type-variable"},"_links":{"self":[{"href":"https:\/\/jackvaper.cl\/distribuidor\/wp-json\/wp\/v2\/product\/28494","targetHints":{"allow":["GET"]}}],"collection":[{"href":"https:\/\/jackvaper.cl\/distribuidor\/wp-json\/wp\/v2\/product"}],"about":[{"href":"https:\/\/jackvaper.cl\/distribuidor\/wp-json\/wp\/v2\/types\/product"}],"version-history":[{"count":1,"href":"https:\/\/jackvaper.cl\/distribuidor\/wp-json\/wp\/v2\/product\/28494\/revisions"}],"predecessor-version":[{"id":28502,"href":"https:\/\/jackvaper.cl\/distribuidor\/wp-json\/wp\/v2\/product\/28494\/revisions\/28502"}],"wp:featuredmedia":[{"embeddable":true,"href":"https:\/\/jackvaper.cl\/distribuidor\/wp-json\/wp\/v2\/media\/28501"}],"wp:attachment":[{"href":"https:\/\/jackvaper.cl\/distribuidor\/wp-json\/wp\/v2\/media?parent=28494"}],"wp:term":[{"taxonomy":"product_cat","embeddable":true,"href":"https:\/\/jackvaper.cl\/distribuidor\/wp-json\/wp\/v2\/product_cat?post=28494"},{"taxonomy":"product_tag","embeddable":true,"href":"https:\/\/jackvaper.cl\/distribuidor\/wp-json\/wp\/v2\/product_tag?post=28494"}],"curies":[{"name":"wp","href":"https:\/\/api.w.org\/{rel}","templated":true}]}}