{"id":28575,"date":"2024-12-06T15:41:59","date_gmt":"2024-12-06T15:41:59","guid":{"rendered":"https:\/\/jackvaper.cl\/distribuidor\/?post_type=product&#038;p=28575"},"modified":"2024-12-06T15:41:59","modified_gmt":"2024-12-06T15:41:59","slug":"smoothie-caramel-tobacco","status":"publish","type":"product","link":"https:\/\/jackvaper.cl\/distribuidor\/product\/smoothie-caramel-tobacco\/","title":{"rendered":"Smoothie Caramel Tobacco"},"content":{"rendered":"<p>Prep\u00e1rate para disfrutar del el smoothie de caramelo m\u00e1s delicioso que podr\u00e1s vapear en tu vida! \u00a0Notas a caramelo derretido, m\u00e1s el sabor nost\u00e1lgico de un toffe, se fusionan a la perfecci\u00f3n con nuestra adictiva crema gourmet by El lechero y una placentera nota final de tabaco cl\u00e1sico Americano.<\/p>\n<p>Pero aguarda un momento! esto no es todo, para culminar esta obra maestra hemos agregado en medio , justo en mitad de la calada una muy especial \u00a0nota del mas complejo grano de caf\u00e9 negro espresso estilo New york.<\/p>\n","protected":false},"excerpt":{"rendered":"<p>Prep\u00e1rate para disfrutar del el smoothie de caramelo m\u00e1s delicioso que podr\u00e1s vapear en tu vida! \u00a0Notas a caramelo derretido,<\/p>\n","protected":false},"featured_media":28584,"template":"","meta":[],"product_cat":[78,77],"product_tag":[],"class_list":{"0":"post-28575","1":"product","2":"type-product","3":"status-publish","4":"has-post-thumbnail","6":"product_cat-postre","7":"product_cat-tabaco","9":"first","10":"instock","11":"taxable","12":"shipping-taxable","13":"purchasable","14":"product-type-variable"},"_links":{"self":[{"href":"https:\/\/jackvaper.cl\/distribuidor\/wp-json\/wp\/v2\/product\/28575","targetHints":{"allow":["GET"]}}],"collection":[{"href":"https:\/\/jackvaper.cl\/distribuidor\/wp-json\/wp\/v2\/product"}],"about":[{"href":"https:\/\/jackvaper.cl\/distribuidor\/wp-json\/wp\/v2\/types\/product"}],"version-history":[{"count":1,"href":"https:\/\/jackvaper.cl\/distribuidor\/wp-json\/wp\/v2\/product\/28575\/revisions"}],"predecessor-version":[{"id":28585,"href":"https:\/\/jackvaper.cl\/distribuidor\/wp-json\/wp\/v2\/product\/28575\/revisions\/28585"}],"wp:featuredmedia":[{"embeddable":true,"href":"https:\/\/jackvaper.cl\/distribuidor\/wp-json\/wp\/v2\/media\/28584"}],"wp:attachment":[{"href":"https:\/\/jackvaper.cl\/distribuidor\/wp-json\/wp\/v2\/media?parent=28575"}],"wp:term":[{"taxonomy":"product_cat","embeddable":true,"href":"https:\/\/jackvaper.cl\/distribuidor\/wp-json\/wp\/v2\/product_cat?post=28575"},{"taxonomy":"product_tag","embeddable":true,"href":"https:\/\/jackvaper.cl\/distribuidor\/wp-json\/wp\/v2\/product_tag?post=28575"}],"curies":[{"name":"wp","href":"https:\/\/api.w.org\/{rel}","templated":true}]}}