{"id":28586,"date":"2024-12-06T15:44:18","date_gmt":"2024-12-06T15:44:18","guid":{"rendered":"https:\/\/jackvaper.cl\/distribuidor\/?post_type=product&#038;p=28586"},"modified":"2024-12-06T15:44:18","modified_gmt":"2024-12-06T15:44:18","slug":"cowboy-reserve","status":"publish","type":"product","link":"https:\/\/jackvaper.cl\/distribuidor\/product\/cowboy-reserve\/","title":{"rendered":"Cowboy Reserve"},"content":{"rendered":"<p>Nuestro tabaquil m\u00e1s vendido de 5 estrellas, ahora en una versi\u00f3n de reserva sublime, que contiene todas esas magn\u00edficas notas de sabor de la versi\u00f3n original, pero que ahora ha sido elevado al siguiente nivel agregando profundas notas de bourbon envueltas en rayadura de vanillin, endulzado sutilmente con notas de miel y manzanas caramelizadas.<\/p>\n","protected":false},"excerpt":{"rendered":"<p>Nuestro tabaquil m\u00e1s vendido de 5 estrellas, ahora en una versi\u00f3n de reserva sublime, que contiene todas esas magn\u00edficas notas<\/p>\n","protected":false},"featured_media":28593,"template":"","meta":[],"product_cat":[77],"product_tag":[],"class_list":{"0":"post-28586","1":"product","2":"type-product","3":"status-publish","4":"has-post-thumbnail","6":"product_cat-tabaco","8":"first","9":"instock","10":"taxable","11":"shipping-taxable","12":"purchasable","13":"product-type-variable"},"_links":{"self":[{"href":"https:\/\/jackvaper.cl\/distribuidor\/wp-json\/wp\/v2\/product\/28586","targetHints":{"allow":["GET"]}}],"collection":[{"href":"https:\/\/jackvaper.cl\/distribuidor\/wp-json\/wp\/v2\/product"}],"about":[{"href":"https:\/\/jackvaper.cl\/distribuidor\/wp-json\/wp\/v2\/types\/product"}],"version-history":[{"count":1,"href":"https:\/\/jackvaper.cl\/distribuidor\/wp-json\/wp\/v2\/product\/28586\/revisions"}],"predecessor-version":[{"id":28594,"href":"https:\/\/jackvaper.cl\/distribuidor\/wp-json\/wp\/v2\/product\/28586\/revisions\/28594"}],"wp:featuredmedia":[{"embeddable":true,"href":"https:\/\/jackvaper.cl\/distribuidor\/wp-json\/wp\/v2\/media\/28593"}],"wp:attachment":[{"href":"https:\/\/jackvaper.cl\/distribuidor\/wp-json\/wp\/v2\/media?parent=28586"}],"wp:term":[{"taxonomy":"product_cat","embeddable":true,"href":"https:\/\/jackvaper.cl\/distribuidor\/wp-json\/wp\/v2\/product_cat?post=28586"},{"taxonomy":"product_tag","embeddable":true,"href":"https:\/\/jackvaper.cl\/distribuidor\/wp-json\/wp\/v2\/product_tag?post=28586"}],"curies":[{"name":"wp","href":"https:\/\/api.w.org\/{rel}","templated":true}]}}