{"id":28595,"date":"2024-12-06T15:47:53","date_gmt":"2024-12-06T15:47:53","guid":{"rendered":"https:\/\/jackvaper.cl\/distribuidor\/?post_type=product&#038;p=28595"},"modified":"2024-12-06T15:47:53","modified_gmt":"2024-12-06T15:47:53","slug":"pheonix-blood-juice","status":"publish","type":"product","link":"https:\/\/jackvaper.cl\/distribuidor\/product\/pheonix-blood-juice\/","title":{"rendered":"Pheonix Blood Juice"},"content":{"rendered":"<p>Pheonix es nuestra nueva receta de golosina frutal de candy mentolado que te har\u00e1 experimentar una multi explosi\u00f3n de sabores en tu paladar.<\/p>\n<p>Al vapear Pheonix sentir\u00e1s un suave y delicioso candy mentolado, muy refrescante de frutos rojos, con notas perfectas de cherry, ar\u00e1ndanos, salsa de fresas, mermelada de mora, menta fresca y una nota final de an\u00eds.<\/p>\n","protected":false},"excerpt":{"rendered":"<p>Pheonix es nuestra nueva receta de golosina frutal de candy mentolado que te har\u00e1 experimentar una multi explosi\u00f3n de sabores<\/p>\n","protected":false},"featured_media":28602,"template":"","meta":[],"product_cat":[79],"product_tag":[],"class_list":{"0":"post-28595","1":"product","2":"type-product","3":"status-publish","4":"has-post-thumbnail","6":"product_cat-frutal","8":"first","9":"instock","10":"taxable","11":"shipping-taxable","12":"purchasable","13":"product-type-variable"},"_links":{"self":[{"href":"https:\/\/jackvaper.cl\/distribuidor\/wp-json\/wp\/v2\/product\/28595","targetHints":{"allow":["GET"]}}],"collection":[{"href":"https:\/\/jackvaper.cl\/distribuidor\/wp-json\/wp\/v2\/product"}],"about":[{"href":"https:\/\/jackvaper.cl\/distribuidor\/wp-json\/wp\/v2\/types\/product"}],"version-history":[{"count":1,"href":"https:\/\/jackvaper.cl\/distribuidor\/wp-json\/wp\/v2\/product\/28595\/revisions"}],"predecessor-version":[{"id":28603,"href":"https:\/\/jackvaper.cl\/distribuidor\/wp-json\/wp\/v2\/product\/28595\/revisions\/28603"}],"wp:featuredmedia":[{"embeddable":true,"href":"https:\/\/jackvaper.cl\/distribuidor\/wp-json\/wp\/v2\/media\/28602"}],"wp:attachment":[{"href":"https:\/\/jackvaper.cl\/distribuidor\/wp-json\/wp\/v2\/media?parent=28595"}],"wp:term":[{"taxonomy":"product_cat","embeddable":true,"href":"https:\/\/jackvaper.cl\/distribuidor\/wp-json\/wp\/v2\/product_cat?post=28595"},{"taxonomy":"product_tag","embeddable":true,"href":"https:\/\/jackvaper.cl\/distribuidor\/wp-json\/wp\/v2\/product_tag?post=28595"}],"curies":[{"name":"wp","href":"https:\/\/api.w.org\/{rel}","templated":true}]}}