{"id":28613,"date":"2024-12-06T15:54:01","date_gmt":"2024-12-06T15:54:01","guid":{"rendered":"https:\/\/jackvaper.cl\/distribuidor\/?post_type=product&#038;p=28613"},"modified":"2024-12-06T15:54:01","modified_gmt":"2024-12-06T15:54:01","slug":"monsta-loop-banana","status":"publish","type":"product","link":"https:\/\/jackvaper.cl\/distribuidor\/product\/monsta-loop-banana\/","title":{"rendered":"Monsta Loop Banana"},"content":{"rendered":"<p>Deliciosos y crujientes cereales frutales sumergidos en una cremosa leche fresca sabor banana.<\/p>\n<p>Si te gustan los populares froot loop americanos, este ser\u00e1 tu l\u00edquido favorito todos los d\u00edas.<\/p>\n","protected":false},"excerpt":{"rendered":"<p>Deliciosos y crujientes cereales frutales sumergidos en una cremosa leche fresca sabor banana. Si te gustan los populares froot loop<\/p>\n","protected":false},"featured_media":28620,"template":"","meta":[],"product_cat":[78],"product_tag":[],"class_list":{"0":"post-28613","1":"product","2":"type-product","3":"status-publish","4":"has-post-thumbnail","6":"product_cat-postre","8":"first","9":"instock","10":"taxable","11":"shipping-taxable","12":"purchasable","13":"product-type-variable"},"_links":{"self":[{"href":"https:\/\/jackvaper.cl\/distribuidor\/wp-json\/wp\/v2\/product\/28613","targetHints":{"allow":["GET"]}}],"collection":[{"href":"https:\/\/jackvaper.cl\/distribuidor\/wp-json\/wp\/v2\/product"}],"about":[{"href":"https:\/\/jackvaper.cl\/distribuidor\/wp-json\/wp\/v2\/types\/product"}],"version-history":[{"count":1,"href":"https:\/\/jackvaper.cl\/distribuidor\/wp-json\/wp\/v2\/product\/28613\/revisions"}],"predecessor-version":[{"id":28621,"href":"https:\/\/jackvaper.cl\/distribuidor\/wp-json\/wp\/v2\/product\/28613\/revisions\/28621"}],"wp:featuredmedia":[{"embeddable":true,"href":"https:\/\/jackvaper.cl\/distribuidor\/wp-json\/wp\/v2\/media\/28620"}],"wp:attachment":[{"href":"https:\/\/jackvaper.cl\/distribuidor\/wp-json\/wp\/v2\/media?parent=28613"}],"wp:term":[{"taxonomy":"product_cat","embeddable":true,"href":"https:\/\/jackvaper.cl\/distribuidor\/wp-json\/wp\/v2\/product_cat?post=28613"},{"taxonomy":"product_tag","embeddable":true,"href":"https:\/\/jackvaper.cl\/distribuidor\/wp-json\/wp\/v2\/product_tag?post=28613"}],"curies":[{"name":"wp","href":"https:\/\/api.w.org\/{rel}","templated":true}]}}